{"id":5342,"date":"2020-06-08T09:17:06","date_gmt":"2020-06-08T06:17:06","guid":{"rendered":"https:\/\/dilgettercume.com\/iletisim\/"},"modified":"2023-02-11T12:19:27","modified_gmt":"2023-02-11T09:19:27","slug":"iletisim","status":"publish","type":"page","link":"https:\/\/dilgettercume.com\/en\/iletisim\/","title":{"rendered":"CONTACT US"},"content":{"rendered":"<p><div class=\"fusion-fullwidth fullwidth-box fusion-builder-row-1 fusion-flex-container nonhundred-percent-fullwidth non-hundred-percent-height-scrolling\" style=\"--awb-border-radius-top-left:0px;--awb-border-radius-top-right:0px;--awb-border-radius-bottom-right:0px;--awb-border-radius-bottom-left:0px;--awb-flex-wrap:wrap;\" ><div class=\"fusion-builder-row fusion-row fusion-flex-align-items-flex-start fusion-flex-content-wrap\" style=\"max-width:1216.8px;margin-left: calc(-4% \/ 2 );margin-right: calc(-4% \/ 2 );\"><div class=\"fusion-layout-column fusion_builder_column fusion-builder-column-0 fusion_builder_column_1_1 1_1 fusion-flex-column\" style=\"--awb-bg-size:cover;--awb-width-large:100%;--awb-margin-top-large:0px;--awb-spacing-right-large:1.92%;--awb-margin-bottom-large:0px;--awb-spacing-left-large:1.92%;--awb-width-medium:100%;--awb-spacing-right-medium:1.92%;--awb-spacing-left-medium:1.92%;--awb-width-small:100%;--awb-spacing-right-small:1.92%;--awb-spacing-left-small:1.92%;\"><div class=\"fusion-column-wrapper fusion-flex-justify-content-flex-start fusion-content-layout-column\">\n<div class=\"wpcf7 no-js\" id=\"wpcf7-f5341-o1\" lang=\"en-US\" dir=\"ltr\" data-wpcf7-id=\"5341\">\n<div class=\"screen-reader-response\"><p role=\"status\" aria-live=\"polite\" aria-atomic=\"true\"><\/p> <ul><\/ul><\/div>\n<form action=\"\/en\/wp-json\/wp\/v2\/pages\/5342#wpcf7-f5341-o1\" method=\"post\" class=\"wpcf7-form init\" aria-label=\"Contact form\" novalidate=\"novalidate\" data-status=\"init\">\n<fieldset class=\"hidden-fields-container\"><input type=\"hidden\" name=\"_wpcf7\" value=\"5341\" \/><input type=\"hidden\" name=\"_wpcf7_version\" value=\"6.1.5\" \/><input type=\"hidden\" name=\"_wpcf7_locale\" value=\"en_US\" \/><input type=\"hidden\" name=\"_wpcf7_unit_tag\" value=\"wpcf7-f5341-o1\" \/><input type=\"hidden\" name=\"_wpcf7_container_post\" value=\"0\" \/><input type=\"hidden\" name=\"_wpcf7_posted_data_hash\" value=\"\" \/>\n<\/fieldset>\n<label> Name Surname (Required)\n    <span class=\"wpcf7-form-control-wrap\" data-name=\"your-name\"><input size=\"40\" maxlength=\"400\" class=\"wpcf7-form-control wpcf7-text wpcf7-validates-as-required\" id=\"your-name\" aria-required=\"true\" aria-invalid=\"false\" value=\"\" type=\"text\" name=\"your-name\" \/><\/span> <\/label>\n\n<label> Mail Address\n    <span class=\"wpcf7-form-control-wrap\" data-name=\"your-email\"><input size=\"40\" maxlength=\"400\" class=\"wpcf7-form-control wpcf7-email wpcf7-validates-as-required wpcf7-text wpcf7-validates-as-email\" id=\"your-email\" aria-required=\"true\" aria-invalid=\"false\" value=\"\" type=\"email\" name=\"your-email\" \/><\/span> <\/label>\n\n<label> Subjuect\n    <span class=\"wpcf7-form-control-wrap\" data-name=\"your-subject\"><input size=\"40\" maxlength=\"400\" class=\"wpcf7-form-control wpcf7-text\" id=\"your-subject\" aria-invalid=\"false\" value=\"\" type=\"text\" name=\"your-subject\" \/><\/span> <\/label>\n\n<label> Message\n    <span class=\"wpcf7-form-control-wrap\" data-name=\"your-message\"><textarea cols=\"40\" rows=\"10\" maxlength=\"2000\" class=\"wpcf7-form-control wpcf7-textarea\" id=\"your-message\" aria-invalid=\"false\" name=\"your-message\"><\/textarea><\/span> <\/label>\n<input class=\"wpcf7-form-control wpcf7-submit has-spinner\" type=\"submit\" value=\"Send\" \/><div class=\"fusion-alert alert custom alert-custom fusion-alert-center wpcf7-response-output awb-alert-native-link-color alert-dismissable awb-alert-close-boxed\" style=\"--awb-border-size:1px;--awb-border-top-left-radius:0px;--awb-border-top-right-radius:0px;--awb-border-bottom-left-radius:0px;--awb-border-bottom-right-radius:0px;\" role=\"alert\"><div class=\"fusion-alert-content-wrapper\"><span class=\"fusion-alert-content\"><\/span><\/div><button type=\"button\" class=\"close toggle-alert\" data-dismiss=\"alert\" aria-label=\"Close\">&times;<\/button><\/div>\n<\/form>\n<\/div>\n<div class=\"fusion-separator fusion-full-width-sep\" style=\"align-self: center;margin-left: auto;margin-right: auto;margin-top:10px;width:100%;\"><\/div><div class=\"fusion-text fusion-text-1 fusion-text-no-margin\" style=\"--awb-content-alignment:center;--awb-font-size:22px;--awb-text-color:var(--awb-color8);--awb-margin-bottom:40px;\"><p><strong>Address:<\/strong>\u00a0Aktarh\u00fcssam Mah. Ahmet Hamdi Tanp\u0131nar Cad. No.17 \u00d6nd\u00fcl \u0130\u015fhan\u0131 B\u00fcro No.207 \/ OSMANGAZ\u0130\u00a0\u2013\u00a0BURSA<\/p>\n<p><strong>Tel:<\/strong>\u00a0<a href=\"https:\/\/api.whatsapp.com\/send?phone=905526455688\" target=\"_blank\" rel=\"noopener\">+90 552 645 56 88<\/a><\/p>\n<\/div><div class=\"fusion-title title fusion-title-1 fusion-title-center fusion-title-text fusion-title-size-three\" style=\"--awb-text-color:var(--awb-color7);--awb-margin-top-small:0px;--awb-margin-bottom-small:20px;\"><div class=\"title-sep-container title-sep-container-left\"><div class=\"title-sep sep- sep-solid\" style=\"border-color:var(--awb-color3);\"><\/div><\/div><span class=\"awb-title-spacer\"><\/span><h3 class=\"fusion-title-heading title-heading-center fusion-responsive-typography-calculated\" style=\"margin:0;text-transform:capitalize;--fontSize:25;line-height:var(--awb-typography1-line-height);\">follow us on<\/h3><span class=\"awb-title-spacer\"><\/span><div class=\"title-sep-container title-sep-container-right\"><div class=\"title-sep sep- sep-solid\" style=\"border-color:var(--awb-color3);\"><\/div><\/div><\/div><div class=\"fusion-social-links fusion-social-links-1\" style=\"--awb-margin-top:0px;--awb-margin-right:0px;--awb-margin-bottom:0px;--awb-margin-left:0px;--awb-alignment:center;--awb-box-border-top:0px;--awb-box-border-right:0px;--awb-box-border-bottom:0px;--awb-box-border-left:0px;--awb-icon-colors-hover:var(--awb-color4);--awb-box-colors-hover:var(--awb-color1);--awb-box-border-color:var(--awb-color3);--awb-box-border-color-hover:var(--awb-color4);\"><div class=\"fusion-social-networks color-type-custom\"><div class=\"fusion-social-networks-wrapper\"><a class=\"fusion-social-network-icon fusion-tooltip fusion-facebook awb-icon-facebook\" style=\"color:var(--awb-color7);font-size:16px;\" data-placement=\"top\" data-title=\"Facebook\" data-toggle=\"tooltip\" title=\"Facebook\" aria-label=\"facebook\" target=\"_blank\" rel=\"noopener noreferrer\" href=\"https:\/\/www.facebook.com\/dilgettercume\"><\/a><a class=\"fusion-social-network-icon fusion-tooltip fusion-instagram awb-icon-instagram\" style=\"color:var(--awb-color7);font-size:16px;\" data-placement=\"top\" data-title=\"Instagram\" data-toggle=\"tooltip\" title=\"Instagram\" aria-label=\"instagram\" target=\"_blank\" rel=\"noopener noreferrer\" href=\"https:\/\/www.instagram.com\/dilgettercume\/\"><\/a><\/div><\/div><\/div><\/div><\/div><\/div><\/div><div class=\"fusion-fullwidth fullwidth-box fusion-builder-row-2 fusion-flex-container has-pattern-background has-mask-background hundred-percent-fullwidth non-hundred-percent-height-scrolling\" style=\"--awb-background-position:center top;--awb-border-sizes-top:0px;--awb-border-sizes-bottom:0px;--awb-border-sizes-left:0px;--awb-border-sizes-right:0px;--awb-border-radius-top-left:0px;--awb-border-radius-top-right:0px;--awb-border-radius-bottom-right:0px;--awb-border-radius-bottom-left:0px;--awb-padding-top-medium:100px;--awb-padding-bottom-medium:100px;--awb-padding-top-small:90px;--awb-padding-bottom-small:90px;--awb-margin-top:20px;--awb-margin-bottom:0px;--awb-margin-bottom-small:0px;--awb-flex-wrap:wrap;\" ><div class=\"fusion-builder-row fusion-row fusion-flex-align-items-center fusion-flex-content-wrap\" style=\"width:104% !important;max-width:104% !important;margin-left: calc(-4% \/ 2 );margin-right: calc(-4% \/ 2 );\"><div class=\"fusion-layout-column fusion_builder_column fusion-builder-column-1 fusion_builder_column_1_1 1_1 fusion-flex-column\" style=\"--awb-bg-color:var(--awb-color1);--awb-bg-color-hover:var(--awb-color1);--awb-bg-size:cover;--awb-width-large:100%;--awb-margin-top-large:0px;--awb-spacing-right-large:1.92%;--awb-margin-bottom-large:20px;--awb-spacing-left-large:1.92%;--awb-width-medium:100%;--awb-order-medium:0;--awb-spacing-right-medium:1.92%;--awb-spacing-left-medium:1.92%;--awb-width-small:100%;--awb-order-small:0;--awb-spacing-right-small:1.92%;--awb-spacing-left-small:1.92%;\"><div class=\"fusion-column-wrapper fusion-column-has-shadow fusion-flex-justify-content-flex-start fusion-content-layout-column\"><a class=\"fusion-modal-text-link\" href=\"#\"><iframe style=\"border: 0; width: 100%;\" src=\"https:\/\/www.google.com\/maps\/embed?pb=!1m18!1m12!1m3!1d761.9792022554265!2d29.058541635795635!3d40.188664794592405!2m3!1f0!2f0!3f0!3m2!1i1024!2i768!4f13.1!3m3!1m2!1s0x14ca3f5a79af39c3%3A0x8f51a8856b3da4d5!2sDilget%20Yeminli%20Terc%C3%BCme%20B%C3%BCrosu%20Bursa!5e0!3m2!1sen!2str!4v1675761741133!5m2!1sen!2str\" height=\"450\" allowfullscreen=\"allowfullscreen\"><\/iframe><\/a><\/div><\/div><\/div><\/div><\/p>\n","protected":false},"excerpt":{"rendered":"","protected":false},"author":2,"featured_media":5406,"parent":0,"menu_order":0,"comment_status":"closed","ping_status":"closed","template":"","meta":{"om_disable_all_campaigns":false,"_monsterinsights_skip_tracking":false,"_monsterinsights_sitenote_active":false,"_monsterinsights_sitenote_note":"","_monsterinsights_sitenote_category":0,"jetpack_post_was_ever_published":false,"footnotes":""},"class_list":["post-5342","page","type-page","status-publish","has-post-thumbnail","hentry"],"yoast_head":"<!-- This site is optimized with the Yoast SEO plugin v27.4 - https:\/\/yoast.com\/product\/yoast-seo-wordpress\/ -->\n<title>CONTACT US - Dilget Tercume<\/title>\n<meta name=\"robots\" content=\"index, follow, max-snippet:-1, max-image-preview:large, max-video-preview:-1\" \/>\n<link rel=\"canonical\" href=\"https:\/\/dilgettercume.com\/en\/iletisim\/\" \/>\n<meta property=\"og:locale\" content=\"en_US\" \/>\n<meta property=\"og:type\" content=\"article\" \/>\n<meta property=\"og:title\" content=\"CONTACT US - Dilget Tercume\" \/>\n<meta property=\"og:url\" content=\"https:\/\/dilgettercume.com\/en\/iletisim\/\" \/>\n<meta property=\"og:site_name\" content=\"Dilget Tercume\" \/>\n<meta property=\"article:modified_time\" content=\"2023-02-11T09:19:27+00:00\" \/>\n<meta property=\"og:image\" content=\"https:\/\/dilgettercume.com\/wp-content\/uploads\/2023\/02\/CONTACT-US-1-e1676016893821.jpg\" \/>\n\t<meta property=\"og:image:width\" content=\"2322\" \/>\n\t<meta property=\"og:image:height\" content=\"1110\" \/>\n\t<meta property=\"og:image:type\" content=\"image\/jpeg\" \/>\n<meta name=\"twitter:card\" content=\"summary_large_image\" \/>\n<meta name=\"twitter:label1\" content=\"Est. reading time\" \/>\n\t<meta name=\"twitter:data1\" content=\"3 minutes\" \/>\n<script type=\"application\/ld+json\" class=\"yoast-schema-graph\">{\"@context\":\"https:\\\/\\\/schema.org\",\"@graph\":[{\"@type\":\"WebPage\",\"@id\":\"https:\\\/\\\/dilgettercume.com\\\/en\\\/iletisim\\\/\",\"url\":\"https:\\\/\\\/dilgettercume.com\\\/en\\\/iletisim\\\/\",\"name\":\"CONTACT US - Dilget Tercume\",\"isPartOf\":{\"@id\":\"https:\\\/\\\/dilgettercume.com\\\/#website\"},\"primaryImageOfPage\":{\"@id\":\"https:\\\/\\\/dilgettercume.com\\\/en\\\/iletisim\\\/#primaryimage\"},\"image\":{\"@id\":\"https:\\\/\\\/dilgettercume.com\\\/en\\\/iletisim\\\/#primaryimage\"},\"thumbnailUrl\":\"https:\\\/\\\/i0.wp.com\\\/dilgettercume.com\\\/wp-content\\\/uploads\\\/2023\\\/02\\\/CONTACT-US-1-e1676016893821.jpg?fit=2322%2C1110&ssl=1\",\"datePublished\":\"2020-06-08T06:17:06+00:00\",\"dateModified\":\"2023-02-11T09:19:27+00:00\",\"breadcrumb\":{\"@id\":\"https:\\\/\\\/dilgettercume.com\\\/en\\\/iletisim\\\/#breadcrumb\"},\"inLanguage\":\"en-US\",\"potentialAction\":[{\"@type\":\"ReadAction\",\"target\":[\"https:\\\/\\\/dilgettercume.com\\\/en\\\/iletisim\\\/\"]}]},{\"@type\":\"ImageObject\",\"inLanguage\":\"en-US\",\"@id\":\"https:\\\/\\\/dilgettercume.com\\\/en\\\/iletisim\\\/#primaryimage\",\"url\":\"https:\\\/\\\/i0.wp.com\\\/dilgettercume.com\\\/wp-content\\\/uploads\\\/2023\\\/02\\\/CONTACT-US-1-e1676016893821.jpg?fit=2322%2C1110&ssl=1\",\"contentUrl\":\"https:\\\/\\\/i0.wp.com\\\/dilgettercume.com\\\/wp-content\\\/uploads\\\/2023\\\/02\\\/CONTACT-US-1-e1676016893821.jpg?fit=2322%2C1110&ssl=1\",\"width\":2322,\"height\":1110},{\"@type\":\"BreadcrumbList\",\"@id\":\"https:\\\/\\\/dilgettercume.com\\\/en\\\/iletisim\\\/#breadcrumb\",\"itemListElement\":[{\"@type\":\"ListItem\",\"position\":1,\"name\":\"Home\",\"item\":\"https:\\\/\\\/dilgettercume.com\\\/en\\\/\"},{\"@type\":\"ListItem\",\"position\":2,\"name\":\"CONTACT US\"}]},{\"@type\":\"WebSite\",\"@id\":\"https:\\\/\\\/dilgettercume.com\\\/#website\",\"url\":\"https:\\\/\\\/dilgettercume.com\\\/\",\"name\":\"Dilget Tercume\",\"description\":\"Terc\u00fcme B\u00fcrosu Bursa\",\"publisher\":{\"@id\":\"https:\\\/\\\/dilgettercume.com\\\/#organization\"},\"potentialAction\":[{\"@type\":\"SearchAction\",\"target\":{\"@type\":\"EntryPoint\",\"urlTemplate\":\"https:\\\/\\\/dilgettercume.com\\\/?s={search_term_string}\"},\"query-input\":{\"@type\":\"PropertyValueSpecification\",\"valueRequired\":true,\"valueName\":\"search_term_string\"}}],\"inLanguage\":\"en-US\"},{\"@type\":\"Organization\",\"@id\":\"https:\\\/\\\/dilgettercume.com\\\/#organization\",\"name\":\"Dilget Tercume\",\"url\":\"https:\\\/\\\/dilgettercume.com\\\/\",\"logo\":{\"@type\":\"ImageObject\",\"inLanguage\":\"en-US\",\"@id\":\"https:\\\/\\\/dilgettercume.com\\\/#\\\/schema\\\/logo\\\/image\\\/\",\"url\":\"https:\\\/\\\/i0.wp.com\\\/dilgettercume.com\\\/wp-content\\\/uploads\\\/2023\\\/01\\\/cropped-ssssss.jpg?fit=669%2C157&ssl=1\",\"contentUrl\":\"https:\\\/\\\/i0.wp.com\\\/dilgettercume.com\\\/wp-content\\\/uploads\\\/2023\\\/01\\\/cropped-ssssss.jpg?fit=669%2C157&ssl=1\",\"width\":669,\"height\":157,\"caption\":\"Dilget Tercume\"},\"image\":{\"@id\":\"https:\\\/\\\/dilgettercume.com\\\/#\\\/schema\\\/logo\\\/image\\\/\"}}]}<\/script>\n<!-- \/ Yoast SEO plugin. -->","yoast_head_json":{"title":"CONTACT US - Dilget Tercume","robots":{"index":"index","follow":"follow","max-snippet":"max-snippet:-1","max-image-preview":"max-image-preview:large","max-video-preview":"max-video-preview:-1"},"canonical":"https:\/\/dilgettercume.com\/en\/iletisim\/","og_locale":"en_US","og_type":"article","og_title":"CONTACT US - Dilget Tercume","og_url":"https:\/\/dilgettercume.com\/en\/iletisim\/","og_site_name":"Dilget Tercume","article_modified_time":"2023-02-11T09:19:27+00:00","og_image":[{"width":2322,"height":1110,"url":"https:\/\/dilgettercume.com\/wp-content\/uploads\/2023\/02\/CONTACT-US-1-e1676016893821.jpg","type":"image\/jpeg"}],"twitter_card":"summary_large_image","twitter_misc":{"Est. reading time":"3 minutes"},"schema":{"@context":"https:\/\/schema.org","@graph":[{"@type":"WebPage","@id":"https:\/\/dilgettercume.com\/en\/iletisim\/","url":"https:\/\/dilgettercume.com\/en\/iletisim\/","name":"CONTACT US - Dilget Tercume","isPartOf":{"@id":"https:\/\/dilgettercume.com\/#website"},"primaryImageOfPage":{"@id":"https:\/\/dilgettercume.com\/en\/iletisim\/#primaryimage"},"image":{"@id":"https:\/\/dilgettercume.com\/en\/iletisim\/#primaryimage"},"thumbnailUrl":"https:\/\/i0.wp.com\/dilgettercume.com\/wp-content\/uploads\/2023\/02\/CONTACT-US-1-e1676016893821.jpg?fit=2322%2C1110&ssl=1","datePublished":"2020-06-08T06:17:06+00:00","dateModified":"2023-02-11T09:19:27+00:00","breadcrumb":{"@id":"https:\/\/dilgettercume.com\/en\/iletisim\/#breadcrumb"},"inLanguage":"en-US","potentialAction":[{"@type":"ReadAction","target":["https:\/\/dilgettercume.com\/en\/iletisim\/"]}]},{"@type":"ImageObject","inLanguage":"en-US","@id":"https:\/\/dilgettercume.com\/en\/iletisim\/#primaryimage","url":"https:\/\/i0.wp.com\/dilgettercume.com\/wp-content\/uploads\/2023\/02\/CONTACT-US-1-e1676016893821.jpg?fit=2322%2C1110&ssl=1","contentUrl":"https:\/\/i0.wp.com\/dilgettercume.com\/wp-content\/uploads\/2023\/02\/CONTACT-US-1-e1676016893821.jpg?fit=2322%2C1110&ssl=1","width":2322,"height":1110},{"@type":"BreadcrumbList","@id":"https:\/\/dilgettercume.com\/en\/iletisim\/#breadcrumb","itemListElement":[{"@type":"ListItem","position":1,"name":"Home","item":"https:\/\/dilgettercume.com\/en\/"},{"@type":"ListItem","position":2,"name":"CONTACT US"}]},{"@type":"WebSite","@id":"https:\/\/dilgettercume.com\/#website","url":"https:\/\/dilgettercume.com\/","name":"Dilget Tercume","description":"Terc\u00fcme B\u00fcrosu Bursa","publisher":{"@id":"https:\/\/dilgettercume.com\/#organization"},"potentialAction":[{"@type":"SearchAction","target":{"@type":"EntryPoint","urlTemplate":"https:\/\/dilgettercume.com\/?s={search_term_string}"},"query-input":{"@type":"PropertyValueSpecification","valueRequired":true,"valueName":"search_term_string"}}],"inLanguage":"en-US"},{"@type":"Organization","@id":"https:\/\/dilgettercume.com\/#organization","name":"Dilget Tercume","url":"https:\/\/dilgettercume.com\/","logo":{"@type":"ImageObject","inLanguage":"en-US","@id":"https:\/\/dilgettercume.com\/#\/schema\/logo\/image\/","url":"https:\/\/i0.wp.com\/dilgettercume.com\/wp-content\/uploads\/2023\/01\/cropped-ssssss.jpg?fit=669%2C157&ssl=1","contentUrl":"https:\/\/i0.wp.com\/dilgettercume.com\/wp-content\/uploads\/2023\/01\/cropped-ssssss.jpg?fit=669%2C157&ssl=1","width":669,"height":157,"caption":"Dilget Tercume"},"image":{"@id":"https:\/\/dilgettercume.com\/#\/schema\/logo\/image\/"}}]}},"jetpack_shortlink":"https:\/\/wp.me\/Pe5Y4J-1oa","jetpack_sharing_enabled":true,"_links":{"self":[{"href":"https:\/\/dilgettercume.com\/en\/wp-json\/wp\/v2\/pages\/5342","targetHints":{"allow":["GET"]}}],"collection":[{"href":"https:\/\/dilgettercume.com\/en\/wp-json\/wp\/v2\/pages"}],"about":[{"href":"https:\/\/dilgettercume.com\/en\/wp-json\/wp\/v2\/types\/page"}],"author":[{"embeddable":true,"href":"https:\/\/dilgettercume.com\/en\/wp-json\/wp\/v2\/users\/2"}],"replies":[{"embeddable":true,"href":"https:\/\/dilgettercume.com\/en\/wp-json\/wp\/v2\/comments?post=5342"}],"version-history":[{"count":5,"href":"https:\/\/dilgettercume.com\/en\/wp-json\/wp\/v2\/pages\/5342\/revisions"}],"predecessor-version":[{"id":5467,"href":"https:\/\/dilgettercume.com\/en\/wp-json\/wp\/v2\/pages\/5342\/revisions\/5467"}],"wp:featuredmedia":[{"embeddable":true,"href":"https:\/\/dilgettercume.com\/en\/wp-json\/wp\/v2\/media\/5406"}],"wp:attachment":[{"href":"https:\/\/dilgettercume.com\/en\/wp-json\/wp\/v2\/media?parent=5342"}],"curies":[{"name":"wp","href":"https:\/\/api.w.org\/{rel}","templated":true}]}}