{"id":5323,"date":"2020-07-13T12:44:48","date_gmt":"2020-07-13T12:44:48","guid":{"rendered":"https:\/\/dilgettercume.com\/resmi-belge-ceviri\/"},"modified":"2023-02-10T21:58:26","modified_gmt":"2023-02-10T18:58:26","slug":"resmi-belge-ceviri","status":"publish","type":"page","link":"https:\/\/dilgettercume.com\/en\/resmi-belge-ceviri\/","title":{"rendered":"OFFICIAL DOCUMENT TRANSLATION"},"content":{"rendered":"<div class=\"fusion-fullwidth fullwidth-box fusion-builder-row-1 fusion-flex-container has-pattern-background has-mask-background nonhundred-percent-fullwidth non-hundred-percent-height-scrolling\" style=\"--awb-border-radius-top-left:0px;--awb-border-radius-top-right:0px;--awb-border-radius-bottom-right:0px;--awb-border-radius-bottom-left:0px;--awb-padding-bottom:130px;--awb-padding-top-medium:90px;--awb-padding-bottom-medium:90px;--awb-background-color:var(--awb-color1);--awb-flex-wrap:wrap;\" ><div class=\"fusion-builder-row fusion-row fusion-flex-align-items-flex-start fusion-flex-content-wrap\" style=\"max-width:1216.8px;margin-left: calc(-4% \/ 2 );margin-right: calc(-4% \/ 2 );\"><div class=\"fusion-layout-column fusion_builder_column fusion-builder-column-0 fusion_builder_column_1_3 1_3 fusion-flex-column fusion-flex-align-self-center\" style=\"--awb-bg-size:cover;--awb-width-large:33.333333333333%;--awb-margin-top-large:0px;--awb-spacing-right-large:5.76%;--awb-margin-bottom-large:0px;--awb-spacing-left-large:5.76%;--awb-width-medium:50%;--awb-order-medium:0;--awb-spacing-right-medium:70px;--awb-spacing-left-medium:3.84%;--awb-width-small:100%;--awb-order-small:0;--awb-spacing-right-small:1.92%;--awb-spacing-left-small:1.92%;\"><div class=\"fusion-column-wrapper fusion-column-has-shadow fusion-flex-justify-content-flex-start fusion-content-layout-column\"><div class=\"fusion-image-element \" style=\"text-align:right;--awb-aspect-ratio: 100 \/ 119;--awb-object-position:39% 25%;--awb-margin-bottom-small:50px;--awb-caption-title-font-family:var(--h2_typography-font-family);--awb-caption-title-font-weight:var(--h2_typography-font-weight);--awb-caption-title-font-style:var(--h2_typography-font-style);--awb-caption-title-size:var(--h2_typography-font-size);--awb-caption-title-transform:var(--h2_typography-text-transform);--awb-caption-title-line-height:var(--h2_typography-line-height);--awb-caption-title-letter-spacing:var(--h2_typography-letter-spacing);\"><span class=\" fusion-imageframe imageframe-none imageframe-1 hover-type-zoomin has-aspect-ratio\" style=\"border-radius:25px;\"><img data-recalc-dims=\"1\" decoding=\"async\" width=\"300\" height=\"193\" title=\"N\u00f6bet\u00e7i-Noter-Uygulamas\u0131-500&#215;321-1\" src=\"https:\/\/i0.wp.com\/dilgettercume.com\/wp-content\/uploads\/2020\/07\/N%C3%B6bet%C3%A7i-Noter-Uygulamas%C4%B1-500x321-1.png?resize=300%2C193&#038;ssl=1\" class=\"img-responsive wp-image-724 img-with-aspect-ratio\" data-parent-fit=\"cover\" data-parent-container=\".fusion-image-element\" alt srcset=\"https:\/\/i0.wp.com\/dilgettercume.com\/wp-content\/uploads\/2020\/07\/N%C3%B6bet%C3%A7i-Noter-Uygulamas%C4%B1-500x321-1.png?resize=300%2C193&amp;ssl=1 300w, https:\/\/i0.wp.com\/dilgettercume.com\/wp-content\/uploads\/2020\/07\/N%C3%B6bet%C3%A7i-Noter-Uygulamas%C4%B1-500x321-1.png?resize=370%2C238&amp;ssl=1 370w, https:\/\/i0.wp.com\/dilgettercume.com\/wp-content\/uploads\/2020\/07\/N%C3%B6bet%C3%A7i-Noter-Uygulamas%C4%B1-500x321-1.png?w=500&amp;ssl=1 500w\" sizes=\"(max-width: 1024px) 100vw, (max-width: 640px) 100vw, 300px\" \/><\/span><\/div><\/div><\/div><div class=\"fusion-layout-column fusion_builder_column fusion-builder-column-1 fusion_builder_column_2_3 2_3 fusion-flex-column fusion-flex-align-self-center fusion-animated\" style=\"--awb-padding-bottom-medium:0px;--awb-bg-size:cover;--awb-width-large:66.666666666667%;--awb-margin-top-large:0px;--awb-spacing-right-large:2.88%;--awb-margin-bottom-large:0px;--awb-spacing-left-large:2.88%;--awb-width-medium:50%;--awb-order-medium:0;--awb-spacing-right-medium:3.84%;--awb-spacing-left-medium:20px;--awb-width-small:100%;--awb-order-small:0;--awb-spacing-right-small:1.92%;--awb-spacing-left-small:20px;\" data-animationType=\"fadeInRight\" data-animationDuration=\"0.3\" data-animationOffset=\"top-into-view\"><div class=\"fusion-column-wrapper fusion-column-has-shadow fusion-flex-justify-content-flex-start fusion-content-layout-column\"><div class=\"fusion-title title fusion-title-1 fusion-title-text fusion-title-size-paragraph\" style=\"--awb-text-color:var(--awb-color8);--awb-margin-left:0px;--awb-margin-top-small:0px;--awb-margin-right-small:30px;--awb-margin-bottom-small:20px;--awb-font-size:var(--awb-typography4-font-size);\"><div class=\"title-sep-container title-sep-container-left fusion-no-large-visibility fusion-no-medium-visibility fusion-no-small-visibility\"><div class=\"title-sep sep- sep-solid\" style=\"border-color:var(--awb-color3);\"><\/div><\/div><span class=\"awb-title-spacer fusion-no-large-visibility fusion-no-medium-visibility fusion-no-small-visibility\"><\/span><p class=\"fusion-title-heading title-heading-left title-heading-tag fusion-responsive-typography-calculated\" style=\"font-family:var(--awb-typography4-font-family);font-weight:var(--awb-typography4-font-weight);font-style:var(--awb-typography4-font-style);margin:0;letter-spacing:var(--awb-typography4-letter-spacing);text-transform:var(--awb-typography4-text-transform);font-size:1em;--fontSize:19;--minFontSize:19;line-height:var(--awb-typography4-line-height);\"><p>It is really necessary for those documents that have been issued by foreign authorities in foreign language and which will be used in turkey to be translated into Turkish by sworn translator and also attested by notary public.<br \/>\nAs it is necessary for the culture of the country in which the document was issued in its language to be known by the translator. Otherwise, some problems could happen. Especially for the clients who don&#8217;t have any background about the targeted language they could have some problems eventually the documents could be rejected by the authority to which the documents are presented.<\/p><\/p><span class=\"awb-title-spacer\"><\/span><div class=\"title-sep-container title-sep-container-right\"><div class=\"title-sep sep- sep-solid\" style=\"border-color:var(--awb-color3);\"><\/div><\/div><\/div><div class=\"fusion-text fusion-text-1\"><h3>Some kind of the documents that must be notarized<\/h3>\n<\/div><ul style=\"--awb-size:18px;--awb-item-padding-right:60px;--awb-item-padding-left:0px;--awb-iconcolor:var(--awb-color5);--awb-textcolor:var(--awb-color8);--awb-line-height:30.6px;--awb-icon-width:30.6px;--awb-icon-height:30.6px;--awb-icon-margin:12.6px;--awb-content-margin:43.2px;\" class=\"fusion-checklist fusion-checklist-1 fusion-checklist-default type-icons\"><li class=\"fusion-li-item\" style=\"\"><span class=\"icon-wrapper circle-no\"><i class=\"fusion-li-icon fa-check fas\" aria-hidden=\"true\"><\/i><\/span><div class=\"fusion-li-item-content\">Passport<\/div><\/li><li class=\"fusion-li-item\" style=\"\"><span class=\"icon-wrapper circle-no\"><i class=\"fusion-li-icon fa-check fas\" aria-hidden=\"true\"><\/i><\/span><div class=\"fusion-li-item-content\">Family Booklet<\/div><\/li><li class=\"fusion-li-item\" style=\"\"><span class=\"icon-wrapper circle-no\"><i class=\"fusion-li-icon fa-check fas\" aria-hidden=\"true\"><\/i><\/span><div class=\"fusion-li-item-content\">Residence Document<\/div><\/li><li class=\"fusion-li-item\" style=\"\"><span class=\"icon-wrapper circle-no\"><i class=\"fusion-li-icon fa-check fas\" aria-hidden=\"true\"><\/i><\/span><div class=\"fusion-li-item-content\">Diploma of Education<\/div><\/li><li class=\"fusion-li-item\" style=\"\"><span class=\"icon-wrapper circle-no\"><i class=\"fusion-li-icon fa-check fas\" aria-hidden=\"true\"><\/i><\/span><div class=\"fusion-li-item-content\">Birth Certificate<\/div><\/li><li class=\"fusion-li-item\" style=\"\"><span class=\"icon-wrapper circle-no\"><i class=\"fusion-li-icon fa-check fas\" aria-hidden=\"true\"><\/i><\/span><div class=\"fusion-li-item-content\">Signatory Circular<\/div><\/li><li class=\"fusion-li-item\" style=\"\"><span class=\"icon-wrapper circle-no\"><i class=\"fusion-li-icon fa-check fas\" aria-hidden=\"true\"><\/i><\/span><div class=\"fusion-li-item-content\">Trade Registry Record<\/div><\/li><\/ul><\/div><\/div><\/div><\/div>\n","protected":false},"excerpt":{"rendered":"","protected":false},"author":2,"featured_media":5435,"parent":0,"menu_order":0,"comment_status":"closed","ping_status":"closed","template":"","meta":{"om_disable_all_campaigns":false,"_monsterinsights_skip_tracking":false,"_monsterinsights_sitenote_active":false,"_monsterinsights_sitenote_note":"","_monsterinsights_sitenote_category":0,"jetpack_post_was_ever_published":false,"footnotes":""},"class_list":["post-5323","page","type-page","status-publish","has-post-thumbnail","hentry"],"yoast_head":"<!-- This site is optimized with the Yoast SEO plugin v27.4 - https:\/\/yoast.com\/product\/yoast-seo-wordpress\/ -->\n<title>OFFICIAL DOCUMENT TRANSLATION - Dilget Tercume<\/title>\n<meta name=\"robots\" content=\"index, follow, max-snippet:-1, max-image-preview:large, max-video-preview:-1\" \/>\n<link rel=\"canonical\" href=\"https:\/\/dilgettercume.com\/en\/resmi-belge-ceviri\/\" \/>\n<meta property=\"og:locale\" content=\"en_US\" \/>\n<meta property=\"og:type\" content=\"article\" \/>\n<meta property=\"og:title\" content=\"OFFICIAL DOCUMENT TRANSLATION - Dilget Tercume\" \/>\n<meta property=\"og:url\" content=\"https:\/\/dilgettercume.com\/en\/resmi-belge-ceviri\/\" \/>\n<meta property=\"og:site_name\" content=\"Dilget Tercume\" \/>\n<meta property=\"article:modified_time\" content=\"2023-02-10T18:58:26+00:00\" \/>\n<meta property=\"og:image\" content=\"https:\/\/dilgettercume.com\/wp-content\/uploads\/2023\/02\/OFFICIAL-DOCUMENT-TRANSLATION.jpg\" \/>\n\t<meta property=\"og:image:width\" content=\"2322\" \/>\n\t<meta property=\"og:image:height\" content=\"684\" \/>\n\t<meta property=\"og:image:type\" content=\"image\/jpeg\" \/>\n<meta name=\"twitter:card\" content=\"summary_large_image\" \/>\n<meta name=\"twitter:label1\" content=\"Est. reading time\" \/>\n\t<meta name=\"twitter:data1\" content=\"4 minutes\" \/>\n<script type=\"application\/ld+json\" class=\"yoast-schema-graph\">{\"@context\":\"https:\\\/\\\/schema.org\",\"@graph\":[{\"@type\":\"WebPage\",\"@id\":\"https:\\\/\\\/dilgettercume.com\\\/en\\\/resmi-belge-ceviri\\\/\",\"url\":\"https:\\\/\\\/dilgettercume.com\\\/en\\\/resmi-belge-ceviri\\\/\",\"name\":\"OFFICIAL DOCUMENT TRANSLATION - Dilget Tercume\",\"isPartOf\":{\"@id\":\"https:\\\/\\\/dilgettercume.com\\\/#website\"},\"primaryImageOfPage\":{\"@id\":\"https:\\\/\\\/dilgettercume.com\\\/en\\\/resmi-belge-ceviri\\\/#primaryimage\"},\"image\":{\"@id\":\"https:\\\/\\\/dilgettercume.com\\\/en\\\/resmi-belge-ceviri\\\/#primaryimage\"},\"thumbnailUrl\":\"https:\\\/\\\/i0.wp.com\\\/dilgettercume.com\\\/wp-content\\\/uploads\\\/2023\\\/02\\\/OFFICIAL-DOCUMENT-TRANSLATION.jpg?fit=2322%2C684&ssl=1\",\"datePublished\":\"2020-07-13T12:44:48+00:00\",\"dateModified\":\"2023-02-10T18:58:26+00:00\",\"breadcrumb\":{\"@id\":\"https:\\\/\\\/dilgettercume.com\\\/en\\\/resmi-belge-ceviri\\\/#breadcrumb\"},\"inLanguage\":\"en-US\",\"potentialAction\":[{\"@type\":\"ReadAction\",\"target\":[\"https:\\\/\\\/dilgettercume.com\\\/en\\\/resmi-belge-ceviri\\\/\"]}]},{\"@type\":\"ImageObject\",\"inLanguage\":\"en-US\",\"@id\":\"https:\\\/\\\/dilgettercume.com\\\/en\\\/resmi-belge-ceviri\\\/#primaryimage\",\"url\":\"https:\\\/\\\/i0.wp.com\\\/dilgettercume.com\\\/wp-content\\\/uploads\\\/2023\\\/02\\\/OFFICIAL-DOCUMENT-TRANSLATION.jpg?fit=2322%2C684&ssl=1\",\"contentUrl\":\"https:\\\/\\\/i0.wp.com\\\/dilgettercume.com\\\/wp-content\\\/uploads\\\/2023\\\/02\\\/OFFICIAL-DOCUMENT-TRANSLATION.jpg?fit=2322%2C684&ssl=1\",\"width\":2322,\"height\":684},{\"@type\":\"BreadcrumbList\",\"@id\":\"https:\\\/\\\/dilgettercume.com\\\/en\\\/resmi-belge-ceviri\\\/#breadcrumb\",\"itemListElement\":[{\"@type\":\"ListItem\",\"position\":1,\"name\":\"Home\",\"item\":\"https:\\\/\\\/dilgettercume.com\\\/en\\\/\"},{\"@type\":\"ListItem\",\"position\":2,\"name\":\"OFFICIAL DOCUMENT TRANSLATION\"}]},{\"@type\":\"WebSite\",\"@id\":\"https:\\\/\\\/dilgettercume.com\\\/#website\",\"url\":\"https:\\\/\\\/dilgettercume.com\\\/\",\"name\":\"Dilget Tercume\",\"description\":\"Terc\u00fcme B\u00fcrosu Bursa\",\"publisher\":{\"@id\":\"https:\\\/\\\/dilgettercume.com\\\/#organization\"},\"potentialAction\":[{\"@type\":\"SearchAction\",\"target\":{\"@type\":\"EntryPoint\",\"urlTemplate\":\"https:\\\/\\\/dilgettercume.com\\\/?s={search_term_string}\"},\"query-input\":{\"@type\":\"PropertyValueSpecification\",\"valueRequired\":true,\"valueName\":\"search_term_string\"}}],\"inLanguage\":\"en-US\"},{\"@type\":\"Organization\",\"@id\":\"https:\\\/\\\/dilgettercume.com\\\/#organization\",\"name\":\"Dilget Tercume\",\"url\":\"https:\\\/\\\/dilgettercume.com\\\/\",\"logo\":{\"@type\":\"ImageObject\",\"inLanguage\":\"en-US\",\"@id\":\"https:\\\/\\\/dilgettercume.com\\\/#\\\/schema\\\/logo\\\/image\\\/\",\"url\":\"https:\\\/\\\/i0.wp.com\\\/dilgettercume.com\\\/wp-content\\\/uploads\\\/2023\\\/01\\\/cropped-ssssss.jpg?fit=669%2C157&ssl=1\",\"contentUrl\":\"https:\\\/\\\/i0.wp.com\\\/dilgettercume.com\\\/wp-content\\\/uploads\\\/2023\\\/01\\\/cropped-ssssss.jpg?fit=669%2C157&ssl=1\",\"width\":669,\"height\":157,\"caption\":\"Dilget Tercume\"},\"image\":{\"@id\":\"https:\\\/\\\/dilgettercume.com\\\/#\\\/schema\\\/logo\\\/image\\\/\"}}]}<\/script>\n<!-- \/ Yoast SEO plugin. -->","yoast_head_json":{"title":"OFFICIAL DOCUMENT TRANSLATION - Dilget Tercume","robots":{"index":"index","follow":"follow","max-snippet":"max-snippet:-1","max-image-preview":"max-image-preview:large","max-video-preview":"max-video-preview:-1"},"canonical":"https:\/\/dilgettercume.com\/en\/resmi-belge-ceviri\/","og_locale":"en_US","og_type":"article","og_title":"OFFICIAL DOCUMENT TRANSLATION - Dilget Tercume","og_url":"https:\/\/dilgettercume.com\/en\/resmi-belge-ceviri\/","og_site_name":"Dilget Tercume","article_modified_time":"2023-02-10T18:58:26+00:00","og_image":[{"width":2322,"height":684,"url":"https:\/\/dilgettercume.com\/wp-content\/uploads\/2023\/02\/OFFICIAL-DOCUMENT-TRANSLATION.jpg","type":"image\/jpeg"}],"twitter_card":"summary_large_image","twitter_misc":{"Est. reading time":"4 minutes"},"schema":{"@context":"https:\/\/schema.org","@graph":[{"@type":"WebPage","@id":"https:\/\/dilgettercume.com\/en\/resmi-belge-ceviri\/","url":"https:\/\/dilgettercume.com\/en\/resmi-belge-ceviri\/","name":"OFFICIAL DOCUMENT TRANSLATION - Dilget Tercume","isPartOf":{"@id":"https:\/\/dilgettercume.com\/#website"},"primaryImageOfPage":{"@id":"https:\/\/dilgettercume.com\/en\/resmi-belge-ceviri\/#primaryimage"},"image":{"@id":"https:\/\/dilgettercume.com\/en\/resmi-belge-ceviri\/#primaryimage"},"thumbnailUrl":"https:\/\/i0.wp.com\/dilgettercume.com\/wp-content\/uploads\/2023\/02\/OFFICIAL-DOCUMENT-TRANSLATION.jpg?fit=2322%2C684&ssl=1","datePublished":"2020-07-13T12:44:48+00:00","dateModified":"2023-02-10T18:58:26+00:00","breadcrumb":{"@id":"https:\/\/dilgettercume.com\/en\/resmi-belge-ceviri\/#breadcrumb"},"inLanguage":"en-US","potentialAction":[{"@type":"ReadAction","target":["https:\/\/dilgettercume.com\/en\/resmi-belge-ceviri\/"]}]},{"@type":"ImageObject","inLanguage":"en-US","@id":"https:\/\/dilgettercume.com\/en\/resmi-belge-ceviri\/#primaryimage","url":"https:\/\/i0.wp.com\/dilgettercume.com\/wp-content\/uploads\/2023\/02\/OFFICIAL-DOCUMENT-TRANSLATION.jpg?fit=2322%2C684&ssl=1","contentUrl":"https:\/\/i0.wp.com\/dilgettercume.com\/wp-content\/uploads\/2023\/02\/OFFICIAL-DOCUMENT-TRANSLATION.jpg?fit=2322%2C684&ssl=1","width":2322,"height":684},{"@type":"BreadcrumbList","@id":"https:\/\/dilgettercume.com\/en\/resmi-belge-ceviri\/#breadcrumb","itemListElement":[{"@type":"ListItem","position":1,"name":"Home","item":"https:\/\/dilgettercume.com\/en\/"},{"@type":"ListItem","position":2,"name":"OFFICIAL DOCUMENT TRANSLATION"}]},{"@type":"WebSite","@id":"https:\/\/dilgettercume.com\/#website","url":"https:\/\/dilgettercume.com\/","name":"Dilget Tercume","description":"Terc\u00fcme B\u00fcrosu Bursa","publisher":{"@id":"https:\/\/dilgettercume.com\/#organization"},"potentialAction":[{"@type":"SearchAction","target":{"@type":"EntryPoint","urlTemplate":"https:\/\/dilgettercume.com\/?s={search_term_string}"},"query-input":{"@type":"PropertyValueSpecification","valueRequired":true,"valueName":"search_term_string"}}],"inLanguage":"en-US"},{"@type":"Organization","@id":"https:\/\/dilgettercume.com\/#organization","name":"Dilget Tercume","url":"https:\/\/dilgettercume.com\/","logo":{"@type":"ImageObject","inLanguage":"en-US","@id":"https:\/\/dilgettercume.com\/#\/schema\/logo\/image\/","url":"https:\/\/i0.wp.com\/dilgettercume.com\/wp-content\/uploads\/2023\/01\/cropped-ssssss.jpg?fit=669%2C157&ssl=1","contentUrl":"https:\/\/i0.wp.com\/dilgettercume.com\/wp-content\/uploads\/2023\/01\/cropped-ssssss.jpg?fit=669%2C157&ssl=1","width":669,"height":157,"caption":"Dilget Tercume"},"image":{"@id":"https:\/\/dilgettercume.com\/#\/schema\/logo\/image\/"}}]}},"jetpack_shortlink":"https:\/\/wp.me\/Pe5Y4J-1nR","jetpack_sharing_enabled":true,"_links":{"self":[{"href":"https:\/\/dilgettercume.com\/en\/wp-json\/wp\/v2\/pages\/5323","targetHints":{"allow":["GET"]}}],"collection":[{"href":"https:\/\/dilgettercume.com\/en\/wp-json\/wp\/v2\/pages"}],"about":[{"href":"https:\/\/dilgettercume.com\/en\/wp-json\/wp\/v2\/types\/page"}],"author":[{"embeddable":true,"href":"https:\/\/dilgettercume.com\/en\/wp-json\/wp\/v2\/users\/2"}],"replies":[{"embeddable":true,"href":"https:\/\/dilgettercume.com\/en\/wp-json\/wp\/v2\/comments?post=5323"}],"version-history":[{"count":3,"href":"https:\/\/dilgettercume.com\/en\/wp-json\/wp\/v2\/pages\/5323\/revisions"}],"predecessor-version":[{"id":5394,"href":"https:\/\/dilgettercume.com\/en\/wp-json\/wp\/v2\/pages\/5323\/revisions\/5394"}],"wp:featuredmedia":[{"embeddable":true,"href":"https:\/\/dilgettercume.com\/en\/wp-json\/wp\/v2\/media\/5435"}],"wp:attachment":[{"href":"https:\/\/dilgettercume.com\/en\/wp-json\/wp\/v2\/media?parent=5323"}],"curies":[{"name":"wp","href":"https:\/\/api.w.org\/{rel}","templated":true}]}}