{"id":5307,"date":"2023-02-07T11:42:43","date_gmt":"2023-02-07T08:42:43","guid":{"rendered":"https:\/\/dilgettercume.com\/classic-home-2\/"},"modified":"2023-02-11T12:20:56","modified_gmt":"2023-02-11T09:20:56","slug":"classic-home-2","status":"publish","type":"page","link":"https:\/\/dilgettercume.com\/en\/","title":{"rendered":"HOME PAGE"},"content":{"rendered":"<p><div class=\"fusion-fullwidth fullwidth-box fusion-builder-row-1 fusion-flex-container has-pattern-background has-mask-background nonhundred-percent-fullwidth non-hundred-percent-height-scrolling fusion-animated\" style=\"--awb-background-position:left top;--awb-border-sizes-top:0px;--awb-border-sizes-bottom:0px;--awb-border-sizes-left:0px;--awb-border-sizes-right:0px;--awb-border-radius-top-left:0px;--awb-border-radius-top-right:0px;--awb-border-radius-bottom-right:0px;--awb-border-radius-bottom-left:0px;--awb-margin-top:50px;--awb-margin-bottom:120px;--awb-margin-bottom-medium:80px;--awb-margin-bottom-small:60px;--awb-flex-wrap:wrap;\" data-animationType=\"fadeInUp\" data-animationDuration=\"1.3\" data-animationOffset=\"top-into-view\" ><div class=\"fusion-builder-row fusion-row fusion-flex-align-items-stretch fusion-flex-justify-content-center fusion-flex-content-wrap\" style=\"max-width:1216.8px;margin-left: calc(-4% \/ 2 );margin-right: calc(-4% \/ 2 );\"><div class=\"fusion-layout-column fusion_builder_column fusion-builder-column-0 fusion_builder_column_1_1 1_1 fusion-flex-column fusion-flex-align-self-flex-start fusion-column-no-min-height\" style=\"--awb-bg-blend:overlay;--awb-bg-size:cover;--awb-width-large:100%;--awb-margin-top-large:0px;--awb-spacing-right-large:1.92%;--awb-margin-bottom-large:40px;--awb-spacing-left-large:1.92%;--awb-width-medium:80%;--awb-spacing-right-medium:2.4%;--awb-spacing-left-medium:2.4%;--awb-width-small:100%;--awb-spacing-right-small:1.92%;--awb-spacing-left-small:1.92%;\"><div class=\"fusion-column-wrapper fusion-flex-justify-content-flex-start fusion-content-layout-column\"><div class=\"fusion-title title fusion-title-1 fusion-title-center fusion-title-text fusion-title-size-two\" style=\"--awb-margin-top-small:0px;--awb-margin-bottom-small:20px;\"><div class=\"title-sep-container title-sep-container-left\"><div class=\"title-sep sep- sep-solid\" style=\"border-color:var(--awb-color3);\"><\/div><\/div><span class=\"awb-title-spacer\"><\/span><h2 class=\"fusion-title-heading title-heading-center fusion-responsive-typography-calculated\" style=\"margin:0;text-transform:capitalize;--fontSize:42;line-height:var(--awb-typography1-line-height);\"><h3><a href=\"\/en\/hizmetlerimiz\/\">Services<\/a><\/h3><\/h2><span class=\"awb-title-spacer\"><\/span><div class=\"title-sep-container title-sep-container-right\"><div class=\"title-sep sep- sep-solid\" style=\"border-color:var(--awb-color3);\"><\/div><\/div><\/div><div class=\"fusion-separator fusion-full-width-sep\" style=\"align-self: center;margin-left: auto;margin-right: auto;margin-top:15px;width:100%;\"><\/div><\/div><\/div><div class=\"fusion-layout-column fusion_builder_column fusion-builder-column-1 fusion_builder_column_1_1 1_1 fusion-flex-column\" style=\"--awb-bg-size:cover;--awb-width-large:100%;--awb-margin-top-large:0px;--awb-spacing-right-large:1.92%;--awb-margin-bottom-large:55px;--awb-spacing-left-large:1.92%;--awb-width-medium:100%;--awb-order-medium:0;--awb-spacing-right-medium:1.92%;--awb-spacing-left-medium:1.92%;--awb-width-small:100%;--awb-order-small:0;--awb-spacing-right-small:1.92%;--awb-spacing-left-small:1.92%;\"><div class=\"fusion-column-wrapper fusion-column-has-shadow fusion-flex-justify-content-flex-start fusion-content-layout-column\"><div class=\"fusion-separator fusion-full-width-sep\" style=\"align-self: center;margin-left: auto;margin-right: auto;margin-top:0px;margin-bottom:0px;width:100%;\"><div class=\"fusion-separator-border sep-single sep-solid\" style=\"--awb-height:20px;--awb-amount:20px;border-color:var(--awb-color2);border-top-width:2px;\"><\/div><\/div><\/div><\/div><div class=\"fusion-layout-column fusion_builder_column fusion-builder-column-2 fusion_builder_column_1_3 1_3 fusion-flex-column fusion-flex-align-self-center\" style=\"--awb-bg-blend:overlay;--awb-bg-size:cover;--awb-width-large:33.333333333333%;--awb-margin-top-large:0px;--awb-spacing-right-large:3px;--awb-margin-bottom-large:120px;--awb-spacing-left-large:5.76%;--awb-width-medium:33.333333333333%;--awb-order-medium:0;--awb-spacing-right-medium:3px;--awb-margin-bottom-medium:80px;--awb-spacing-left-medium:5.76%;--awb-width-small:100%;--awb-order-small:0;--awb-spacing-right-small:1.92%;--awb-spacing-left-small:1.92%;\"><div class=\"fusion-column-wrapper fusion-column-has-shadow fusion-flex-justify-content-flex-start fusion-content-layout-column\"><div class=\"fusion-image-element \" style=\"text-align:center;--awb-margin-bottom:20px;--awb-caption-title-font-family:var(--h2_typography-font-family);--awb-caption-title-font-weight:var(--h2_typography-font-weight);--awb-caption-title-font-style:var(--h2_typography-font-style);--awb-caption-title-size:var(--h2_typography-font-size);--awb-caption-title-transform:var(--h2_typography-text-transform);--awb-caption-title-line-height:var(--h2_typography-line-height);--awb-caption-title-letter-spacing:var(--h2_typography-letter-spacing);\"><span class=\" fusion-imageframe imageframe-none imageframe-1 hover-type-zoomin\"><a class=\"fusion-no-lightbox\" href=\"\/en\/resmi-belge-ceviri\/\" target=\"_self\" aria-label=\"Noter-Tasdikli-\u00c7eviri\"><img data-recalc-dims=\"1\" decoding=\"async\" width=\"300\" height=\"200\" src=\"https:\/\/i0.wp.com\/dilgettercume.com\/wp-content\/uploads\/2020\/07\/Noter-Tasdikli-%C3%87eviri.png?resize=300%2C200&#038;ssl=1\" alt class=\"img-responsive wp-image-717\" srcset=\"https:\/\/i0.wp.com\/dilgettercume.com\/wp-content\/uploads\/2020\/07\/Noter-Tasdikli-%C3%87eviri.png?resize=300%2C200&amp;ssl=1 300w, https:\/\/i0.wp.com\/dilgettercume.com\/wp-content\/uploads\/2020\/07\/Noter-Tasdikli-%C3%87eviri.png?resize=370%2C246&amp;ssl=1 370w, https:\/\/i0.wp.com\/dilgettercume.com\/wp-content\/uploads\/2020\/07\/Noter-Tasdikli-%C3%87eviri.png?w=512&amp;ssl=1 512w\" sizes=\"(max-width: 1024px) 100vw, (max-width: 640px) 100vw, 300px\" \/><\/a><\/span><\/div><div class=\"fusion-title title fusion-title-2 fusion-title-center fusion-title-text fusion-title-size-three\" style=\"--awb-margin-bottom:10px;--awb-margin-top-small:0px;--awb-margin-bottom-small:20px;\"><div class=\"title-sep-container title-sep-container-left\"><div class=\"title-sep sep- sep-solid\" style=\"border-color:var(--awb-color3);\"><\/div><\/div><span class=\"awb-title-spacer\"><\/span><h3 class=\"fusion-title-heading title-heading-center fusion-responsive-typography-calculated\" style=\"margin:0;text-transform:capitalize;--fontSize:25;line-height:var(--awb-typography1-line-height);\">OFFICIAL DOCUMENT TRANSLATION<\/h3><span class=\"awb-title-spacer\"><\/span><div class=\"title-sep-container title-sep-container-right\"><div class=\"title-sep sep- sep-solid\" style=\"border-color:var(--awb-color3);\"><\/div><\/div><\/div><\/div><\/div><div class=\"fusion-layout-column fusion_builder_column fusion-builder-column-3 fusion_builder_column_1_3 1_3 fusion-flex-column\" style=\"--awb-bg-blend:overlay;--awb-bg-size:cover;--awb-width-large:33.333333333333%;--awb-margin-top-large:0px;--awb-spacing-right-large:3px;--awb-margin-bottom-large:120px;--awb-spacing-left-large:3px;--awb-width-medium:33.333333333333%;--awb-order-medium:0;--awb-spacing-right-medium:3px;--awb-margin-bottom-medium:80px;--awb-spacing-left-medium:3px;--awb-width-small:100%;--awb-order-small:0;--awb-spacing-right-small:1.92%;--awb-spacing-left-small:1.92%;\"><div class=\"fusion-column-wrapper fusion-column-has-shadow fusion-flex-justify-content-flex-start fusion-content-layout-column\"><div class=\"fusion-image-element \" style=\"text-align:center;--awb-margin-bottom:20px;--awb-caption-title-font-family:var(--h2_typography-font-family);--awb-caption-title-font-weight:var(--h2_typography-font-weight);--awb-caption-title-font-style:var(--h2_typography-font-style);--awb-caption-title-size:var(--h2_typography-font-size);--awb-caption-title-transform:var(--h2_typography-text-transform);--awb-caption-title-line-height:var(--h2_typography-line-height);--awb-caption-title-letter-spacing:var(--h2_typography-letter-spacing);\"><span class=\" fusion-imageframe imageframe-none imageframe-2 hover-type-zoomin\"><a class=\"fusion-no-lightbox\" href=\"\/en\/yazili-ceviri\/\" target=\"_self\" aria-label=\"Yazili-\u00e7eviri\"><img data-recalc-dims=\"1\" decoding=\"async\" width=\"300\" height=\"200\" src=\"https:\/\/i0.wp.com\/dilgettercume.com\/wp-content\/uploads\/2020\/07\/Yazili-%C3%A7eviri.jpg?resize=300%2C200&#038;ssl=1\" alt class=\"img-responsive wp-image-716\" srcset=\"https:\/\/i0.wp.com\/dilgettercume.com\/wp-content\/uploads\/2020\/07\/Yazili-%C3%A7eviri.jpg?resize=300%2C200&amp;ssl=1 300w, https:\/\/i0.wp.com\/dilgettercume.com\/wp-content\/uploads\/2020\/07\/Yazili-%C3%A7eviri.jpg?resize=370%2C246&amp;ssl=1 370w, https:\/\/i0.wp.com\/dilgettercume.com\/wp-content\/uploads\/2020\/07\/Yazili-%C3%A7eviri.jpg?w=512&amp;ssl=1 512w\" sizes=\"(max-width: 1024px) 100vw, (max-width: 640px) 100vw, 300px\" \/><\/a><\/span><\/div><div class=\"fusion-title title fusion-title-3 fusion-title-center fusion-title-text fusion-title-size-three\" style=\"--awb-text-color:var(--awb-color7);--awb-margin-bottom:10px;--awb-margin-top-small:0px;--awb-margin-bottom-small:20px;\"><div class=\"title-sep-container title-sep-container-left\"><div class=\"title-sep sep- sep-solid\" style=\"border-color:var(--awb-color3);\"><\/div><\/div><span class=\"awb-title-spacer\"><\/span><h3 class=\"fusion-title-heading title-heading-center fusion-responsive-typography-calculated\" style=\"margin:0;text-transform:capitalize;--fontSize:25;line-height:var(--awb-typography1-line-height);\">WRITTEN TRANSLATION<\/h3><span class=\"awb-title-spacer\"><\/span><div class=\"title-sep-container title-sep-container-right\"><div class=\"title-sep sep- sep-solid\" style=\"border-color:var(--awb-color3);\"><\/div><\/div><\/div><\/div><\/div><div class=\"fusion-layout-column fusion_builder_column fusion-builder-column-4 fusion_builder_column_1_3 1_3 fusion-flex-column\" style=\"--awb-bg-blend:overlay;--awb-bg-size:cover;--awb-width-large:33.333333333333%;--awb-margin-top-large:0px;--awb-spacing-right-large:5.76%;--awb-margin-bottom-large:120px;--awb-spacing-left-large:3px;--awb-width-medium:33.333333333333%;--awb-order-medium:0;--awb-spacing-right-medium:5.76%;--awb-margin-bottom-medium:80px;--awb-spacing-left-medium:3px;--awb-width-small:100%;--awb-order-small:0;--awb-spacing-right-small:1.92%;--awb-spacing-left-small:1.92%;\"><div class=\"fusion-column-wrapper fusion-column-has-shadow fusion-flex-justify-content-flex-start fusion-content-layout-column\"><div class=\"fusion-image-element \" style=\"text-align:center;--awb-margin-bottom:20px;--awb-caption-title-font-family:var(--h2_typography-font-family);--awb-caption-title-font-weight:var(--h2_typography-font-weight);--awb-caption-title-font-style:var(--h2_typography-font-style);--awb-caption-title-size:var(--h2_typography-font-size);--awb-caption-title-transform:var(--h2_typography-text-transform);--awb-caption-title-line-height:var(--h2_typography-line-height);--awb-caption-title-letter-spacing:var(--h2_typography-letter-spacing);\"><span class=\" fusion-imageframe imageframe-none imageframe-3 hover-type-zoomin\"><a class=\"fusion-no-lightbox\" href=\"\/en\/sozlu-ceviri\/\" target=\"_self\" aria-label=\"Ardil-Ceviri\"><img data-recalc-dims=\"1\" decoding=\"async\" width=\"300\" height=\"200\" src=\"https:\/\/i0.wp.com\/dilgettercume.com\/wp-content\/uploads\/2023\/01\/Ardil-Ceviri.png?resize=300%2C200&#038;ssl=1\" alt class=\"img-responsive wp-image-738\" srcset=\"https:\/\/i0.wp.com\/dilgettercume.com\/wp-content\/uploads\/2023\/01\/Ardil-Ceviri.png?resize=300%2C200&amp;ssl=1 300w, https:\/\/i0.wp.com\/dilgettercume.com\/wp-content\/uploads\/2023\/01\/Ardil-Ceviri.png?resize=370%2C246&amp;ssl=1 370w, https:\/\/i0.wp.com\/dilgettercume.com\/wp-content\/uploads\/2023\/01\/Ardil-Ceviri.png?w=512&amp;ssl=1 512w\" sizes=\"(max-width: 1024px) 100vw, (max-width: 640px) 100vw, 300px\" \/><\/a><\/span><\/div><div class=\"fusion-title title fusion-title-4 fusion-title-center fusion-title-text fusion-title-size-three\" style=\"--awb-margin-bottom:10px;--awb-margin-top-small:0px;--awb-margin-bottom-small:20px;\"><div class=\"title-sep-container title-sep-container-left\"><div class=\"title-sep sep- sep-solid\" style=\"border-color:var(--awb-color3);\"><\/div><\/div><span class=\"awb-title-spacer\"><\/span><h3 class=\"fusion-title-heading title-heading-center fusion-responsive-typography-calculated\" style=\"margin:0;text-transform:capitalize;--fontSize:25;line-height:var(--awb-typography1-line-height);\">ORAL TRANSLATION<\/h3><span class=\"awb-title-spacer\"><\/span><div class=\"title-sep-container title-sep-container-right\"><div class=\"title-sep sep- sep-solid\" style=\"border-color:var(--awb-color3);\"><\/div><\/div><\/div><\/div><\/div><\/div><\/div><div class=\"fusion-fullwidth fullwidth-box fusion-builder-row-2 fusion-flex-container has-pattern-background has-mask-background fusion-parallax-none nonhundred-percent-fullwidth non-hundred-percent-height-scrolling fusion-animated\" style=\"--awb-background-position:center top;--awb-border-sizes-top:0px;--awb-border-sizes-bottom:0px;--awb-border-sizes-left:0px;--awb-border-sizes-right:0px;--awb-border-radius-top-left:0px;--awb-border-radius-top-right:0px;--awb-border-radius-bottom-right:0px;--awb-border-radius-bottom-left:0px;--awb-padding-top:160px;--awb-padding-bottom:160px;--awb-padding-top-medium:110px;--awb-padding-bottom-medium:110px;--awb-padding-top-small:90px;--awb-padding-bottom-small:90px;--awb-margin-bottom:10px;--awb-margin-bottom-medium:80px;--awb-margin-bottom-small:60px;--awb-background-color:hsla(var(--awb-color8-h),var(--awb-color8-s),calc( var(--awb-color8-l) + 10% ),var(--awb-color8-a));--awb-background-image:linear-gradient(180deg, hsla(var(--awb-color8-h),var(--awb-color8-s),var(--awb-color8-l),calc( var(--awb-color8-a) - 65% )) 0%,hsla(var(--awb-color8-h),var(--awb-color8-s),var(--awb-color8-l),calc( var(--awb-color8-a) - 70% )) 100%),url(https:\/\/dilgettercume.com\/wp-content\/uploads\/2023\/02\/aerial-view-business-team-300x169.jpg);;--awb-background-size:cover;--awb-flex-wrap:wrap;\" data-animationType=\"fadeIn\" data-animationDuration=\"1.3\" data-animationOffset=\"top-into-view\" ><div class=\"fusion-builder-row fusion-row fusion-flex-align-items-flex-start fusion-flex-content-wrap\" style=\"max-width:calc( 1170px + 0px );margin-left: calc(-0px \/ 2 );margin-right: calc(-0px \/ 2 );\"><div class=\"fusion-layout-column fusion_builder_column fusion-builder-column-5 fusion_builder_column_1_1 1_1 fusion-flex-column fusion-animated\" style=\"--awb-bg-blend:overlay;--awb-bg-size:cover;--awb-border-color:var(--awb-color1);--awb-border-style:solid;--awb-width-large:100%;--awb-margin-top-large:0px;--awb-spacing-right-large:0px;--awb-margin-bottom-large:0px;--awb-spacing-left-large:0px;--awb-width-medium:100%;--awb-spacing-right-medium:0px;--awb-spacing-left-medium:0px;--awb-width-small:100%;--awb-spacing-right-small:0px;--awb-spacing-left-small:0px;\" data-animationType=\"fadeInUp\" data-animationDuration=\"0.8\" data-animationOffset=\"top-into-view\"><div class=\"fusion-column-wrapper fusion-flex-justify-content-flex-start fusion-content-layout-column\"><div class=\"fusion-separator fusion-full-width-sep\" style=\"align-self: center;margin-left: auto;margin-right: auto;margin-top:10px;width:100%;\"><\/div><div class=\"fusion-title title fusion-title-5 fusion-title-center fusion-title-text fusion-title-size-two\" style=\"--awb-text-color:var(--awb-color1);--awb-margin-bottom:20px;--awb-margin-top-small:0px;--awb-margin-bottom-small:20px;--awb-font-size:55px;\"><div class=\"title-sep-container title-sep-container-left\"><div class=\"title-sep sep- sep-solid\" style=\"border-color:var(--awb-color3);\"><\/div><\/div><span class=\"awb-title-spacer\"><\/span><h2 class=\"fusion-title-heading title-heading-center fusion-responsive-typography-calculated\" style=\"margin:0;text-transform:capitalize;font-size:1em;--fontSize:55;line-height:var(--awb-typography1-line-height);\">CONTACT INFORMATION<\/h2><span class=\"awb-title-spacer\"><\/span><div class=\"title-sep-container title-sep-container-right\"><div class=\"title-sep sep- sep-solid\" style=\"border-color:var(--awb-color3);\"><\/div><\/div><\/div><div class=\"fusion-text fusion-text-1 fusion-text-no-margin\" style=\"--awb-content-alignment:center;--awb-font-size:22px;--awb-text-color:var(--awb-color1);--awb-margin-bottom:40px;\"><p><strong>Address:<\/strong>\u00a0Aktarh\u00fcssam Mah. Ahmet Hamdi Tanp\u0131nar Cad. No.17 \u00d6nd\u00fcl \u0130\u015fhan\u0131 B\u00fcro No.207 \/ OSMANGAZ\u0130\u00a0\u2013\u00a0BURSA<\/p>\n<p>Tel: <a style=\"color: #fff;\" href=\"https:\/\/api.whatsapp.com\/send?phone=905526455688\" target=\"_blank\" rel=\"noopener\">+90 552 645 56 88<\/a><\/p>\n<\/div><div style=\"text-align:center;\"><a class=\"fusion-button button-flat fusion-button-default-size button-default fusion-button-default button-1 fusion-button-default-span \" style=\"--awb-margin-right:30px;--awb-padding-top:20px;--awb-padding-right:55px;--awb-padding-bottom:20px;--awb-padding-left:55px;--button_text_transform:none;--button_font_size:20px;--button_line_height:26px;--button_typography-letter-spacing:0px;\" target=\"_self\" href=\"\/en\/iletisim\/\"><span class=\"fusion-button-text awb-button__text awb-button__text--default\">Contact Us<\/span><\/a><\/div><\/div><\/div><\/div><\/div><div class=\"fusion-fullwidth fullwidth-box fusion-builder-row-3 fusion-flex-container has-pattern-background has-mask-background hundred-percent-fullwidth non-hundred-percent-height-scrolling\" style=\"--awb-background-position:center top;--awb-border-sizes-top:0px;--awb-border-sizes-bottom:0px;--awb-border-sizes-left:0px;--awb-border-sizes-right:0px;--awb-border-radius-top-left:0px;--awb-border-radius-top-right:0px;--awb-border-radius-bottom-right:0px;--awb-border-radius-bottom-left:0px;--awb-padding-top-medium:100px;--awb-padding-bottom-medium:100px;--awb-padding-top-small:90px;--awb-padding-bottom-small:90px;--awb-margin-bottom:0px;--awb-margin-bottom-small:0px;--awb-flex-wrap:wrap;\" ><div class=\"fusion-builder-row fusion-row fusion-flex-align-items-center fusion-flex-content-wrap\" style=\"width:104% !important;max-width:104% !important;margin-left: calc(-4% \/ 2 );margin-right: calc(-4% \/ 2 );\"><div class=\"fusion-layout-column fusion_builder_column fusion-builder-column-6 fusion_builder_column_1_1 1_1 fusion-flex-column\" style=\"--awb-bg-color:var(--awb-color1);--awb-bg-color-hover:var(--awb-color1);--awb-bg-size:cover;--awb-width-large:100%;--awb-margin-top-large:0px;--awb-spacing-right-large:1.92%;--awb-margin-bottom-large:20px;--awb-spacing-left-large:1.92%;--awb-width-medium:100%;--awb-order-medium:0;--awb-spacing-right-medium:1.92%;--awb-spacing-left-medium:1.92%;--awb-width-small:100%;--awb-order-small:0;--awb-spacing-right-small:1.92%;--awb-spacing-left-small:1.92%;\"><div class=\"fusion-column-wrapper fusion-column-has-shadow fusion-flex-justify-content-flex-start fusion-content-layout-column\"><a class=\"fusion-modal-text-link\" href=\"#\"><iframe style=\"border: 0; width: 100%;\" src=\"https:\/\/www.google.com\/maps\/embed?pb=!1m18!1m12!1m3!1d761.9792022554265!2d29.058541635795635!3d40.188664794592405!2m3!1f0!2f0!3f0!3m2!1i1024!2i768!4f13.1!3m3!1m2!1s0x14ca3f5a79af39c3%3A0x8f51a8856b3da4d5!2sDilget%20Yeminli%20Terc%C3%BCme%20B%C3%BCrosu%20Bursa!5e0!3m2!1sen!2str!4v1675761741133!5m2!1sen!2str\" height=\"450\" allowfullscreen=\"allowfullscreen\"><\/iframe><\/a><\/div><\/div><\/div><\/div><\/p>\n","protected":false},"excerpt":{"rendered":"","protected":false},"author":2,"featured_media":0,"parent":0,"menu_order":0,"comment_status":"closed","ping_status":"closed","template":"100-width.php","meta":{"om_disable_all_campaigns":false,"_monsterinsights_skip_tracking":false,"_monsterinsights_sitenote_active":false,"_monsterinsights_sitenote_note":"","_monsterinsights_sitenote_category":0,"jetpack_post_was_ever_published":false,"footnotes":""},"class_list":["post-5307","page","type-page","status-publish","hentry"],"yoast_head":"<!-- This site is optimized with the Yoast SEO plugin v27.4 - https:\/\/yoast.com\/product\/yoast-seo-wordpress\/ -->\n<title>HOME PAGE - Dilget Tercume<\/title>\n<meta name=\"robots\" content=\"index, follow, max-snippet:-1, max-image-preview:large, max-video-preview:-1\" \/>\n<link rel=\"canonical\" href=\"https:\/\/dilgettercume.com\/en\/\" \/>\n<meta property=\"og:locale\" content=\"en_US\" \/>\n<meta property=\"og:type\" content=\"article\" \/>\n<meta property=\"og:title\" content=\"HOME PAGE - Dilget Tercume\" \/>\n<meta property=\"og:url\" content=\"https:\/\/dilgettercume.com\/en\/\" \/>\n<meta property=\"og:site_name\" content=\"Dilget Tercume\" \/>\n<meta property=\"article:modified_time\" content=\"2023-02-11T09:20:56+00:00\" \/>\n<meta name=\"twitter:card\" content=\"summary_large_image\" \/>\n<meta name=\"twitter:label1\" content=\"Est. reading time\" \/>\n\t<meta name=\"twitter:data1\" content=\"9 minutes\" \/>\n<script type=\"application\/ld+json\" class=\"yoast-schema-graph\">{\"@context\":\"https:\\\/\\\/schema.org\",\"@graph\":[{\"@type\":\"WebPage\",\"@id\":\"https:\\\/\\\/dilgettercume.com\\\/en\\\/\",\"url\":\"https:\\\/\\\/dilgettercume.com\\\/en\\\/\",\"name\":\"HOME PAGE - Dilget Tercume\",\"isPartOf\":{\"@id\":\"https:\\\/\\\/dilgettercume.com\\\/#website\"},\"datePublished\":\"2023-02-07T08:42:43+00:00\",\"dateModified\":\"2023-02-11T09:20:56+00:00\",\"breadcrumb\":{\"@id\":\"https:\\\/\\\/dilgettercume.com\\\/en\\\/#breadcrumb\"},\"inLanguage\":\"en-US\",\"potentialAction\":[{\"@type\":\"ReadAction\",\"target\":[\"https:\\\/\\\/dilgettercume.com\\\/en\\\/\"]}]},{\"@type\":\"BreadcrumbList\",\"@id\":\"https:\\\/\\\/dilgettercume.com\\\/en\\\/#breadcrumb\",\"itemListElement\":[{\"@type\":\"ListItem\",\"position\":1,\"name\":\"Home\",\"item\":\"https:\\\/\\\/dilgettercume.com\\\/en\\\/\"},{\"@type\":\"ListItem\",\"position\":2,\"name\":\"HOME PAGE\"}]},{\"@type\":\"WebSite\",\"@id\":\"https:\\\/\\\/dilgettercume.com\\\/#website\",\"url\":\"https:\\\/\\\/dilgettercume.com\\\/\",\"name\":\"Dilget Tercume\",\"description\":\"Terc\u00fcme B\u00fcrosu Bursa\",\"publisher\":{\"@id\":\"https:\\\/\\\/dilgettercume.com\\\/#organization\"},\"potentialAction\":[{\"@type\":\"SearchAction\",\"target\":{\"@type\":\"EntryPoint\",\"urlTemplate\":\"https:\\\/\\\/dilgettercume.com\\\/?s={search_term_string}\"},\"query-input\":{\"@type\":\"PropertyValueSpecification\",\"valueRequired\":true,\"valueName\":\"search_term_string\"}}],\"inLanguage\":\"en-US\"},{\"@type\":\"Organization\",\"@id\":\"https:\\\/\\\/dilgettercume.com\\\/#organization\",\"name\":\"Dilget Tercume\",\"url\":\"https:\\\/\\\/dilgettercume.com\\\/\",\"logo\":{\"@type\":\"ImageObject\",\"inLanguage\":\"en-US\",\"@id\":\"https:\\\/\\\/dilgettercume.com\\\/#\\\/schema\\\/logo\\\/image\\\/\",\"url\":\"https:\\\/\\\/i0.wp.com\\\/dilgettercume.com\\\/wp-content\\\/uploads\\\/2023\\\/01\\\/cropped-ssssss.jpg?fit=669%2C157&ssl=1\",\"contentUrl\":\"https:\\\/\\\/i0.wp.com\\\/dilgettercume.com\\\/wp-content\\\/uploads\\\/2023\\\/01\\\/cropped-ssssss.jpg?fit=669%2C157&ssl=1\",\"width\":669,\"height\":157,\"caption\":\"Dilget Tercume\"},\"image\":{\"@id\":\"https:\\\/\\\/dilgettercume.com\\\/#\\\/schema\\\/logo\\\/image\\\/\"}}]}<\/script>\n<!-- \/ Yoast SEO plugin. -->","yoast_head_json":{"title":"HOME PAGE - Dilget Tercume","robots":{"index":"index","follow":"follow","max-snippet":"max-snippet:-1","max-image-preview":"max-image-preview:large","max-video-preview":"max-video-preview:-1"},"canonical":"https:\/\/dilgettercume.com\/en\/","og_locale":"en_US","og_type":"article","og_title":"HOME PAGE - Dilget Tercume","og_url":"https:\/\/dilgettercume.com\/en\/","og_site_name":"Dilget Tercume","article_modified_time":"2023-02-11T09:20:56+00:00","twitter_card":"summary_large_image","twitter_misc":{"Est. reading time":"9 minutes"},"schema":{"@context":"https:\/\/schema.org","@graph":[{"@type":"WebPage","@id":"https:\/\/dilgettercume.com\/en\/","url":"https:\/\/dilgettercume.com\/en\/","name":"HOME PAGE - Dilget Tercume","isPartOf":{"@id":"https:\/\/dilgettercume.com\/#website"},"datePublished":"2023-02-07T08:42:43+00:00","dateModified":"2023-02-11T09:20:56+00:00","breadcrumb":{"@id":"https:\/\/dilgettercume.com\/en\/#breadcrumb"},"inLanguage":"en-US","potentialAction":[{"@type":"ReadAction","target":["https:\/\/dilgettercume.com\/en\/"]}]},{"@type":"BreadcrumbList","@id":"https:\/\/dilgettercume.com\/en\/#breadcrumb","itemListElement":[{"@type":"ListItem","position":1,"name":"Home","item":"https:\/\/dilgettercume.com\/en\/"},{"@type":"ListItem","position":2,"name":"HOME PAGE"}]},{"@type":"WebSite","@id":"https:\/\/dilgettercume.com\/#website","url":"https:\/\/dilgettercume.com\/","name":"Dilget Tercume","description":"Terc\u00fcme B\u00fcrosu Bursa","publisher":{"@id":"https:\/\/dilgettercume.com\/#organization"},"potentialAction":[{"@type":"SearchAction","target":{"@type":"EntryPoint","urlTemplate":"https:\/\/dilgettercume.com\/?s={search_term_string}"},"query-input":{"@type":"PropertyValueSpecification","valueRequired":true,"valueName":"search_term_string"}}],"inLanguage":"en-US"},{"@type":"Organization","@id":"https:\/\/dilgettercume.com\/#organization","name":"Dilget Tercume","url":"https:\/\/dilgettercume.com\/","logo":{"@type":"ImageObject","inLanguage":"en-US","@id":"https:\/\/dilgettercume.com\/#\/schema\/logo\/image\/","url":"https:\/\/i0.wp.com\/dilgettercume.com\/wp-content\/uploads\/2023\/01\/cropped-ssssss.jpg?fit=669%2C157&ssl=1","contentUrl":"https:\/\/i0.wp.com\/dilgettercume.com\/wp-content\/uploads\/2023\/01\/cropped-ssssss.jpg?fit=669%2C157&ssl=1","width":669,"height":157,"caption":"Dilget Tercume"},"image":{"@id":"https:\/\/dilgettercume.com\/#\/schema\/logo\/image\/"}}]}},"jetpack_shortlink":"https:\/\/wp.me\/Pe5Y4J-1nB","jetpack_sharing_enabled":true,"_links":{"self":[{"href":"https:\/\/dilgettercume.com\/en\/wp-json\/wp\/v2\/pages\/5307","targetHints":{"allow":["GET"]}}],"collection":[{"href":"https:\/\/dilgettercume.com\/en\/wp-json\/wp\/v2\/pages"}],"about":[{"href":"https:\/\/dilgettercume.com\/en\/wp-json\/wp\/v2\/types\/page"}],"author":[{"embeddable":true,"href":"https:\/\/dilgettercume.com\/en\/wp-json\/wp\/v2\/users\/2"}],"replies":[{"embeddable":true,"href":"https:\/\/dilgettercume.com\/en\/wp-json\/wp\/v2\/comments?post=5307"}],"version-history":[{"count":5,"href":"https:\/\/dilgettercume.com\/en\/wp-json\/wp\/v2\/pages\/5307\/revisions"}],"predecessor-version":[{"id":5472,"href":"https:\/\/dilgettercume.com\/en\/wp-json\/wp\/v2\/pages\/5307\/revisions\/5472"}],"wp:attachment":[{"href":"https:\/\/dilgettercume.com\/en\/wp-json\/wp\/v2\/media?parent=5307"}],"curies":[{"name":"wp","href":"https:\/\/api.w.org\/{rel}","templated":true}]}}